{"id":56,"date":"2021-12-04T19:05:42","date_gmt":"2021-12-04T19:05:42","guid":{"rendered":"https:\/\/bucegitourmont.ro\/?page_id=56"},"modified":"2024-11-15T20:16:43","modified_gmt":"2024-11-15T20:16:43","slug":"home","status":"publish","type":"page","link":"https:\/\/bucegitourmont.ro\/","title":{"rendered":"Excursii \u00een mun\u021bii Bucegi"},"content":{"rendered":"\n<div class=\"wp-block-cover alignfull\" style=\"min-height:249px;aspect-ratio:unset;\"><span aria-hidden=\"true\" class=\"wp-block-cover__background has-background-dim-0 has-background-dim\"><\/span><img loading=\"lazy\" decoding=\"async\" width=\"1200\" height=\"960\" class=\"wp-block-cover__image-background wp-image-83\" alt=\"\" src=\"https:\/\/i0.wp.com\/bucegitourmont.ro\/wp-content\/uploads\/2021\/12\/png_20211205_200011_0000.png?resize=1200%2C960&#038;ssl=1\" style=\"object-position:50% 64%\" data-object-fit=\"cover\" data-object-position=\"50% 64%\" srcset=\"https:\/\/i0.wp.com\/bucegitourmont.ro\/wp-content\/uploads\/2021\/12\/png_20211205_200011_0000.png?w=2000&amp;ssl=1 2000w, https:\/\/i0.wp.com\/bucegitourmont.ro\/wp-content\/uploads\/2021\/12\/png_20211205_200011_0000.png?resize=300%2C240&amp;ssl=1 300w, https:\/\/i0.wp.com\/bucegitourmont.ro\/wp-content\/uploads\/2021\/12\/png_20211205_200011_0000.png?resize=1024%2C819&amp;ssl=1 1024w, https:\/\/i0.wp.com\/bucegitourmont.ro\/wp-content\/uploads\/2021\/12\/png_20211205_200011_0000.png?resize=768%2C614&amp;ssl=1 768w, https:\/\/i0.wp.com\/bucegitourmont.ro\/wp-content\/uploads\/2021\/12\/png_20211205_200011_0000.png?resize=1536%2C1229&amp;ssl=1 1536w\" sizes=\"auto, (max-width: 1200px) 100vw, 1200px\" data-recalc-dims=\"1\" \/><div class=\"wp-block-cover__inner-container is-layout-flow wp-block-cover-is-layout-flow\">\n<p class=\"has-text-align-center has-large-font-size\"><\/p>\n<\/div><\/div>\n\n\n\n<div style=\"height:80px\" aria-hidden=\"true\" class=\"wp-block-spacer\"><\/div>\n\n\n\n<div class=\"wp-block-columns is-layout-flex wp-container-core-columns-is-layout-9d6595d7 wp-block-columns-is-layout-flex\">\n<div class=\"wp-block-column is-layout-flow wp-block-column-is-layout-flow\"><div class=\"wp-block-image icon-style is-style-default\">\n<figure class=\"aligncenter is-resized\"><img decoding=\"async\" src=\"https:\/\/bucegitourmont.ro\/wp-content\/themes\/neve\/assets\/img\/starter-content\/icon-03.svg\" alt=\"\" style=\"width:48px;height:48px\"\/><\/figure>\n<\/div>\n\n\n<h3 class=\"wp-block-heading has-text-align-center has-neve-text-color-color has-text-color\">Pick-up de la loca\u021bie&nbsp;<\/h3>\n\n\n\n<p class=\"has-text-align-center\">Traseele montane se pot organiza pentru orice num\u0103r de participan\u021bi indiferent de anotimp iar noi venim unde sunteti caza\u021bi.<\/p>\n\n\n\n<div style=\"height:20px\" aria-hidden=\"true\" class=\"wp-block-spacer\"><\/div>\n<\/div>\n\n\n\n<div class=\"wp-block-column is-layout-flow wp-block-column-is-layout-flow\"><div class=\"wp-block-image icon-style is-style-default\">\n<figure class=\"aligncenter is-resized\"><img decoding=\"async\" src=\"https:\/\/bucegitourmont.ro\/wp-content\/themes\/neve\/assets\/img\/starter-content\/icon-02.svg\" alt=\"\" style=\"width:48px;height:48px\"\/><\/figure>\n<\/div>\n\n\n<h3 class=\"wp-block-heading has-text-align-center has-neve-text-color-color has-text-color\">Ghid \u00eensotitor<\/h3>\n\n\n\n<p>Conduc\u0103torul auto are o experienta de peste 10 ani \u00een turism, atestat de c\u0103tre Ministerul Turismului in ghidajul montan \u0219i na\u021bional.&nbsp;ATESTAT GHID TURISM NR 5630.<\/p>\n\n\n\n<div style=\"height:20px\" aria-hidden=\"true\" class=\"wp-block-spacer\"><\/div>\n<\/div>\n\n\n\n<div class=\"wp-block-column is-layout-flow wp-block-column-is-layout-flow\"><div class=\"wp-block-image icon-style is-style-rounded\">\n<figure class=\"aligncenter is-resized\"><img decoding=\"async\" src=\"https:\/\/bucegitourmont.ro\/wp-content\/themes\/neve\/assets\/img\/starter-content\/icon-01.svg\" alt=\"\" style=\"width:48px;height:48px\"\/><\/figure>\n<\/div>\n\n\n<h3 class=\"wp-block-heading has-text-align-center has-neve-text-color-color has-text-color\">Peisaje de poveste<\/h3>\n\n\n\n<p class=\"has-text-align-center\">\u00ce\u021bi oferim, cele mai frumoase momente, pe trasee montane de poveste la cel mai convenabil pre\u021b.<\/p>\n\n\n\n<div style=\"height:20px\" aria-hidden=\"true\" class=\"wp-block-spacer\"><\/div>\n<\/div>\n<\/div>\n\n\n\n<div style=\"height:80px\" aria-hidden=\"true\" class=\"wp-block-spacer\"><\/div>\n\n\n\n<div class=\"wp-block-cover alignfull\" style=\"min-height:600px;aspect-ratio:unset;\"><span aria-hidden=\"true\" class=\"wp-block-cover__background has-nv-light-bg-background-color has-background-dim-100 has-background-dim\"><\/span><div class=\"wp-block-cover__inner-container is-layout-flow wp-block-cover-is-layout-flow\">\n<div class=\"wp-block-group\"><div class=\"wp-block-group__inner-container is-layout-flow wp-block-group-is-layout-flow\">\n<div style=\"height:80px\" aria-hidden=\"true\" class=\"wp-block-spacer\"><\/div>\n\n\n\n<div class=\"wp-block-columns are-vertically-aligned-center is-layout-flex wp-container-core-columns-is-layout-9d6595d7 wp-block-columns-is-layout-flex\">\n<div class=\"wp-block-column is-vertically-aligned-center is-layout-flow wp-block-column-is-layout-flow\" style=\"flex-basis:50%\">\n<figure class=\"wp-block-image size-large\"><img loading=\"lazy\" decoding=\"async\" width=\"1024\" height=\"819\" src=\"https:\/\/i0.wp.com\/bucegitourmont.ro\/wp-content\/uploads\/2021\/12\/png_20211205_192105_0000.png?resize=1024%2C819&#038;ssl=1\" alt=\"\" class=\"wp-image-79\" srcset=\"https:\/\/i0.wp.com\/bucegitourmont.ro\/wp-content\/uploads\/2021\/12\/png_20211205_192105_0000.png?resize=1024%2C819&amp;ssl=1 1024w, https:\/\/i0.wp.com\/bucegitourmont.ro\/wp-content\/uploads\/2021\/12\/png_20211205_192105_0000.png?resize=300%2C240&amp;ssl=1 300w, https:\/\/i0.wp.com\/bucegitourmont.ro\/wp-content\/uploads\/2021\/12\/png_20211205_192105_0000.png?resize=768%2C614&amp;ssl=1 768w, https:\/\/i0.wp.com\/bucegitourmont.ro\/wp-content\/uploads\/2021\/12\/png_20211205_192105_0000.png?resize=1536%2C1229&amp;ssl=1 1536w, https:\/\/i0.wp.com\/bucegitourmont.ro\/wp-content\/uploads\/2021\/12\/png_20211205_192105_0000.png?w=2000&amp;ssl=1 2000w\" sizes=\"auto, (max-width: 1024px) 100vw, 1024px\" data-recalc-dims=\"1\" \/><\/figure>\n<\/div>\n\n\n\n<div class=\"wp-block-column is-vertically-aligned-center is-layout-flow wp-block-column-is-layout-flow\" style=\"flex-basis:50%\">\n<h2 class=\"wp-block-heading has-text-align-left has-neve-text-color-color has-text-color\">Povestea \u201cPe\u0219tera Ialomi\u021bei\u201d<\/h2>\n\n\n\n<p class=\"has-nv-c-1-color has-text-color has-normal-font-size\">Plecare: Azuga, Busteni, Sinaia \u2192 Cota 1000 \u2192Cota 1500 (Belvedere) \u2192 \u0218aua Dichiului\/Cabana Dichiu \u2192 Cheile Z\u0103noagei \u2192 Cabana Bolboci \u2192 Barajul Bolboci \u2192Lacul Bolboci \u2192 Col\u021bii T\u0103tarului \u2192 Cheile T\u0103tarului \u2192 Grota Ur\u0219ilor\u2192 Poiana Padina\u2192 Schitul Pe\u0219tera \u2192 M\u00e2n\u0103stirea Pe\u0219tera Ialomi\u021bei \u2192 Pe\u0219tera Ialomi\u021bei (cu ap\u0103 vie) dinCheile Ialomi\u021bei.<\/p>\n\n\n\n<div style=\"height:20px\" aria-hidden=\"true\" class=\"wp-block-spacer\"><\/div>\n\n\n\n<p><\/p>\n<\/div>\n<\/div>\n\n\n\n<div style=\"height:40px\" aria-hidden=\"true\" class=\"wp-block-spacer\"><\/div>\n<\/div><\/div>\n<\/div><\/div>\n\n\n\n<div class=\"wp-block-cover alignfull\" style=\"min-height:600px;aspect-ratio:unset;\"><span aria-hidden=\"true\" class=\"wp-block-cover__background has-nv-site-bg-background-color has-background-dim-100 has-background-dim\"><\/span><div class=\"wp-block-cover__inner-container is-layout-flow wp-block-cover-is-layout-flow\">\n<div class=\"wp-block-group\"><div class=\"wp-block-group__inner-container is-layout-flow wp-block-group-is-layout-flow\">\n<div style=\"height:80px\" aria-hidden=\"true\" class=\"wp-block-spacer\"><\/div>\n\n\n\n<div class=\"wp-block-columns are-vertically-aligned-center is-layout-flex wp-container-core-columns-is-layout-9d6595d7 wp-block-columns-is-layout-flex\">\n<div class=\"wp-block-column is-vertically-aligned-center is-layout-flow wp-block-column-is-layout-flow\" style=\"flex-basis:50%\">\n<h2 class=\"wp-block-heading has-text-align-left has-neve-text-color-color has-text-color\">Povestea \u201cBabele \u0219i Sfinxul\u201d&nbsp;<\/h2>\n\n\n\n<p><\/p>\n\n\n\n<p class=\"has-nv-c-1-color has-text-color has-normal-font-size\">Plecare: Azuga, Busteni, Sinaia \u2192 Cota 1000 \u2192 Cota 1500 (Belvedere) \u2192 \u0218aua Dichului\/Cabana Dichiu \u2192 Piatra Ars\u0103 \u2192 Drume\u021bie de mers pe jos catre Babele \u0219i Sfinx, pe p\u0103\u0219une Alpina, durat\u0103 40-50 de minute dus .<\/p>\n\n\n\n<p><\/p>\n<\/div>\n\n\n\n<div class=\"wp-block-column is-vertically-aligned-center is-layout-flow wp-block-column-is-layout-flow\" style=\"flex-basis:50%\">\n<figure class=\"wp-block-image size-large\"><img loading=\"lazy\" decoding=\"async\" width=\"1024\" height=\"819\" src=\"https:\/\/i0.wp.com\/bucegitourmont.ro\/wp-content\/uploads\/2021\/12\/png_20211205_191817_0000.png?resize=1024%2C819&#038;ssl=1\" alt=\"\" class=\"wp-image-78\" srcset=\"https:\/\/i0.wp.com\/bucegitourmont.ro\/wp-content\/uploads\/2021\/12\/png_20211205_191817_0000.png?resize=1024%2C819&amp;ssl=1 1024w, https:\/\/i0.wp.com\/bucegitourmont.ro\/wp-content\/uploads\/2021\/12\/png_20211205_191817_0000.png?resize=300%2C240&amp;ssl=1 300w, https:\/\/i0.wp.com\/bucegitourmont.ro\/wp-content\/uploads\/2021\/12\/png_20211205_191817_0000.png?resize=768%2C614&amp;ssl=1 768w, https:\/\/i0.wp.com\/bucegitourmont.ro\/wp-content\/uploads\/2021\/12\/png_20211205_191817_0000.png?resize=1536%2C1229&amp;ssl=1 1536w, https:\/\/i0.wp.com\/bucegitourmont.ro\/wp-content\/uploads\/2021\/12\/png_20211205_191817_0000.png?w=2000&amp;ssl=1 2000w\" sizes=\"auto, (max-width: 1024px) 100vw, 1024px\" data-recalc-dims=\"1\" \/><\/figure>\n<\/div>\n<\/div>\n\n\n\n<div style=\"height:40px\" aria-hidden=\"true\" class=\"wp-block-spacer\"><\/div>\n<\/div><\/div>\n<\/div><\/div>\n\n\n\n<div class=\"wp-block-cover alignfull\" style=\"min-height:600px;aspect-ratio:unset;\"><span aria-hidden=\"true\" class=\"wp-block-cover__background has-nv-dark-bg-background-color has-background-dim-100 has-background-dim\"><\/span><div class=\"wp-block-cover__inner-container is-layout-flow wp-block-cover-is-layout-flow\">\n<div class=\"wp-block-group\"><div class=\"wp-block-group__inner-container is-layout-flow wp-block-group-is-layout-flow\">\n<div style=\"height:80px\" aria-hidden=\"true\" class=\"wp-block-spacer\"><\/div>\n\n\n\n<div class=\"wp-block-columns are-vertically-aligned-center is-layout-flex wp-container-core-columns-is-layout-9d6595d7 wp-block-columns-is-layout-flex\">\n<div class=\"wp-block-column is-vertically-aligned-center is-layout-flow wp-block-column-is-layout-flow\" style=\"flex-basis:50%\">\n<figure class=\"wp-block-image size-large\"><img loading=\"lazy\" decoding=\"async\" width=\"1024\" height=\"819\" src=\"https:\/\/i0.wp.com\/bucegitourmont.ro\/wp-content\/uploads\/2021\/12\/png_20211205_192233_0000.png?resize=1024%2C819&#038;ssl=1\" alt=\"\" class=\"wp-image-80\" srcset=\"https:\/\/i0.wp.com\/bucegitourmont.ro\/wp-content\/uploads\/2021\/12\/png_20211205_192233_0000.png?resize=1024%2C819&amp;ssl=1 1024w, https:\/\/i0.wp.com\/bucegitourmont.ro\/wp-content\/uploads\/2021\/12\/png_20211205_192233_0000.png?resize=300%2C240&amp;ssl=1 300w, https:\/\/i0.wp.com\/bucegitourmont.ro\/wp-content\/uploads\/2021\/12\/png_20211205_192233_0000.png?resize=768%2C614&amp;ssl=1 768w, https:\/\/i0.wp.com\/bucegitourmont.ro\/wp-content\/uploads\/2021\/12\/png_20211205_192233_0000.png?resize=1536%2C1229&amp;ssl=1 1536w, https:\/\/i0.wp.com\/bucegitourmont.ro\/wp-content\/uploads\/2021\/12\/png_20211205_192233_0000.png?w=2000&amp;ssl=1 2000w\" sizes=\"auto, (max-width: 1024px) 100vw, 1024px\" data-recalc-dims=\"1\" \/><\/figure>\n<\/div>\n\n\n\n<div class=\"wp-block-column is-vertically-aligned-center is-layout-flow wp-block-column-is-layout-flow\" style=\"flex-basis:50%\">\n<p class=\"has-large-font-size\">Povestea \u201cCastelul Bran \u2013 Cetatea R\u00e2\u0219nov\u201d<\/p>\n\n\n\n<div style=\"height:40px\" aria-hidden=\"true\" class=\"wp-block-spacer\"><\/div>\n\n\n\n<p>Plecare: Sinaia, Bu\u0219teni, Azuga, Predeal \u2192 Castelul Bran \u2192 Cetatea R\u00e2\u0219nov \u2192 Dino Parc\u2192 Pe\u0219tera Valea Cet\u0103\u021bii \u2192 Poiana Bra\u0219ov \u2192 Herghelia de cai \u0219i echita\u021bie \u2192 Turnul Alb\u2192 Bra\u0219ov (Pia\u021ba Sfatului, Biserica Neagr\u0103) \u2192 Op\u021bional, Gr\u0103dina Zoologic\u0103 din Bra\u0219ov.<\/p>\n<\/div>\n<\/div>\n\n\n\n<div style=\"height:40px\" aria-hidden=\"true\" class=\"wp-block-spacer\"><\/div>\n<\/div><\/div>\n<\/div><\/div>\n\n\n\n<div style=\"height:40px\" aria-hidden=\"true\" class=\"wp-block-spacer\"><\/div>\n\n\n\n<div itemprop=\"location\" itemscope itemtype=\"http:\/\/schema.org\/Organization\" class=\"wp-block-jetpack-contact-info\">\n<div class=\"wp-block-jetpack-email\"><a itemprop=\"email\" href=\"mailto:bucegitourmont@gmail.com\">bucegitourmont@gmail.com<\/a><\/div>\n\n\n\n<div class=\"wp-block-jetpack-phone\"><span itemprop=\"telephone\"><a href=\"tel:0723959070\">0723959070<\/a><\/span><\/div>\n\n\n<\/div>\n","protected":false},"excerpt":{"rendered":"<p>Pick-up de la loca\u021bie&nbsp; Traseele montane se pot organiza pentru orice num\u0103r de participan\u021bi indiferent de anotimp iar noi venim unde sunteti caza\u021bi. Ghid \u00eensotitor Conduc\u0103torul auto are o experienta de peste 10 ani \u00een turism, atestat de c\u0103tre Ministerul Turismului in ghidajul montan \u0219i na\u021bional.&nbsp;ATESTAT GHID TURISM NR 5630. Peisaje de poveste \u00ce\u021bi oferim,&hellip;&nbsp;<a href=\"https:\/\/bucegitourmont.ro\/\" class=\"\" rel=\"bookmark\">Read More &raquo;<span class=\"screen-reader-text\">Excursii \u00een mun\u021bii Bucegi<\/span><\/a><\/p>\n","protected":false},"author":1,"featured_media":0,"parent":0,"menu_order":0,"comment_status":"closed","ping_status":"closed","template":"","meta":{"neve_meta_sidebar":"","neve_meta_container":"","neve_meta_enable_content_width":"on","neve_meta_content_width":100,"neve_meta_title_alignment":"","neve_meta_author_avatar":"","neve_post_elements_order":"","neve_meta_disable_header":"","neve_meta_disable_footer":"","neve_meta_disable_title":"on","_kadence_starter_templates_imported_post":false,"footnotes":""},"class_list":["post-56","page","type-page","status-publish","hentry"],"jetpack_sharing_enabled":true,"jetpack-related-posts":[],"_links":{"self":[{"href":"https:\/\/bucegitourmont.ro\/index.php?rest_route=\/wp\/v2\/pages\/56","targetHints":{"allow":["GET"]}}],"collection":[{"href":"https:\/\/bucegitourmont.ro\/index.php?rest_route=\/wp\/v2\/pages"}],"about":[{"href":"https:\/\/bucegitourmont.ro\/index.php?rest_route=\/wp\/v2\/types\/page"}],"author":[{"embeddable":true,"href":"https:\/\/bucegitourmont.ro\/index.php?rest_route=\/wp\/v2\/users\/1"}],"replies":[{"embeddable":true,"href":"https:\/\/bucegitourmont.ro\/index.php?rest_route=%2Fwp%2Fv2%2Fcomments&post=56"}],"version-history":[{"count":22,"href":"https:\/\/bucegitourmont.ro\/index.php?rest_route=\/wp\/v2\/pages\/56\/revisions"}],"predecessor-version":[{"id":197,"href":"https:\/\/bucegitourmont.ro\/index.php?rest_route=\/wp\/v2\/pages\/56\/revisions\/197"}],"wp:attachment":[{"href":"https:\/\/bucegitourmont.ro\/index.php?rest_route=%2Fwp%2Fv2%2Fmedia&parent=56"}],"curies":[{"name":"wp","href":"https:\/\/api.w.org\/{rel}","templated":true}]}}